{"id":368,"date":"2016-12-19T15:31:41","date_gmt":"2016-12-19T14:31:41","guid":{"rendered":"http:\/\/www.hfmsaar-summerschool.de\/dirigentenakademie\/"},"modified":"2023-08-29T07:15:03","modified_gmt":"2023-08-29T05:15:03","slug":"conductors-academy","status":"publish","type":"page","link":"https:\/\/www.hfmsaar-summerschool.de\/en\/conductors-academy\/","title":{"rendered":"Conducting Academy"},"content":{"rendered":"<p><iframe src=\"\/\/www.youtube.com\/embed\/AO38XOepP2s\" width=\"560\" height=\"314\" frameborder=\"0\" allowfullscreen=\"allowfullscreen\"><\/iframe><\/p>\n<p>&nbsp;<\/p>\n<h2>Program and work schedule of the week<\/h2>\n<hr \/>\n<h3>Program Conducting Academy<\/h3>\n<ul>\n<li>\n<div>Arnold Sch\u00f6nberg, <i>Friede auf Erden<\/i> op.13<\/div>\n<\/li>\n<li>Georg Schumann, <em>Drei geistliche Ges\u00e4nge<\/em> op. 31<\/li>\n<li>Heinrich Kaminski, \u00a0<i>O wirre Welt \u2013 Kyrie<\/i> aus \u201eDie Messe deutsch f\u00fcr 5-stimmigen gemischten Chor\u201c<\/li>\n<li>Johannes Brahms, <i>Vier Quartette <\/i>op. 92<\/li>\n<li>Yiannis Konstantinidis, from <i>8 Songs from Asia Minor<\/i>: Nr.1, 6, 8<\/li>\n<li>Hasan U\u00e7arsu, <em>Kar \u015eark\u0131s\u0131 (Snow Song)<\/em><\/li>\n<li>J.S. Bach, <i>Komm, Jesu, komm BWV 229<\/i><\/li>\n<\/ul>\n<hr \/>\n<p>The conducting academy primarily deals with questions of interpretation, choral sound, intonation and their rehearsal and conducting implementation in a professional context. Particular attention is paid to the expression of the conduction through striking technique and the individual \u201cconducting language\u201d of the participants. This takes place through individual conducting lessons with Prof. Gr\u00fcn, through video coaching with international guests (Dimitris Ktistakis from Greece and Burak Onur Erdem from Turkey), through passive participation in the choir rehearsals and directing the <strong>KammerChor Saarbr\u00fccken<\/strong> .<\/p>\n<ul>\n<li>daily three hours of conducting lessons by Prof. Georg Gr\u00fcn (only for active participants) and other lecturers (Mauro Barbierato)<\/li>\n<li>daily up to three hours of active work with the KammerChor Saarbr\u00fccken, divided among 8 conductors (only for active participants)<\/li>\n<li>final concert*<br \/>\n<h6 style=\"text-align: right;\"><em>*The active participants agree to conduct at the final concert if they are chosen by the musical director. There is no right to conduct.<\/em><\/h6>\n<\/li>\n<\/ul>\n<h3>Web masterclasses<\/h3>\n<p>Part of the lessons and rehearsals within this year&#8217;s Summer School will be offered for the first time via Internet video transmission to students from other German and foreign universities of music and interested parties. Seminars, lectures and rehearsals by external lecturers from abroad are also made available for the participants of the summer school.<\/p>\n<h3><\/h3>\n<h3>THE ACADEMY ENSENBLE<\/h3>\n<p>One of the goals is the development of demanding choral music under professional conditions. The academy ensemble, which is available for the candidates, is composed of 16 singers of the <strong>KammerChor Saarbr\u00fccken<\/strong> and 8 professional singers from radio choirs, renowned vocal ensembles or the professional choir scene in each voice group. This year, among others, the complete cast of the renowned vocal soloist ensemble from Munich &#8220;<strong>die Singphoniker<\/strong>&#8221; will sing in the academy ensemble.<\/p>\n<p>&nbsp;<\/p>\n\n\t\t<style type=\"text\/css\">\n\t\t\t#gallery-1 {\n\t\t\t\tmargin: auto;\n\t\t\t}\n\t\t\t#gallery-1 .gallery-item {\n\t\t\t\tfloat: left;\n\t\t\t\tmargin-top: 10px;\n\t\t\t\ttext-align: center;\n\t\t\t\twidth: 100%;\n\t\t\t}\n\t\t\t#gallery-1 img {\n\t\t\t\tborder: 2px solid #cfcfcf;\n\t\t\t}\n\t\t\t#gallery-1 .gallery-caption {\n\t\t\t\tmargin-left: 0;\n\t\t\t}\n\t\t\t\/* see gallery_shortcode() in wp-includes\/media.php *\/\n\t\t<\/style>\n\t\t<div id='gallery-1' class='gallery galleryid-368 gallery-columns-1 gallery-size-large'><dl class='gallery-item'>\n\t\t\t<dt class='gallery-icon landscape'>\n\t\t\t\t<img fetchpriority=\"high\" decoding=\"async\" width=\"1024\" height=\"448\" src=\"https:\/\/www.hfmsaar-summerschool.de\/wp-content\/uploads\/2023\/04\/20221003_diesingphoniker014-Bearbeitet-1024x448.jpg\" class=\"attachment-large size-large\" alt=\"\" aria-describedby=\"gallery-1-1463\" srcset=\"https:\/\/www.hfmsaar-summerschool.de\/wp-content\/uploads\/2023\/04\/20221003_diesingphoniker014-Bearbeitet-1024x448.jpg 1024w, https:\/\/www.hfmsaar-summerschool.de\/wp-content\/uploads\/2023\/04\/20221003_diesingphoniker014-Bearbeitet-300x131.jpg 300w, https:\/\/www.hfmsaar-summerschool.de\/wp-content\/uploads\/2023\/04\/20221003_diesingphoniker014-Bearbeitet-768x336.jpg 768w, https:\/\/www.hfmsaar-summerschool.de\/wp-content\/uploads\/2023\/04\/20221003_diesingphoniker014-Bearbeitet-600x262.jpg 600w, https:\/\/www.hfmsaar-summerschool.de\/wp-content\/uploads\/2023\/04\/20221003_diesingphoniker014-Bearbeitet-1536x672.jpg 1536w, https:\/\/www.hfmsaar-summerschool.de\/wp-content\/uploads\/2023\/04\/20221003_diesingphoniker014-Bearbeitet-2048x896.jpg 2048w\" sizes=\"(max-width: 1024px) 100vw, 1024px\" \/>\n\t\t\t<\/dt>\n\t\t\t\t<dd class='wp-caption-text gallery-caption' id='gallery-1-1463'>\n\t\t\t\tDie Singphoniker\n\t\t\t\t<\/dd><\/dl><br style=\"clear: both\" \/><dl class='gallery-item'>\n\t\t\t<dt class='gallery-icon landscape'>\n\t\t\t\t<img decoding=\"async\" width=\"1024\" height=\"656\" src=\"https:\/\/www.hfmsaar-summerschool.de\/wp-content\/uploads\/2021\/05\/KammerchorSaarbruecken_AVF5188s-Kopie-1024x656.jpg\" class=\"attachment-large size-large\" alt=\"\" aria-describedby=\"gallery-1-1142\" srcset=\"https:\/\/www.hfmsaar-summerschool.de\/wp-content\/uploads\/2021\/05\/KammerchorSaarbruecken_AVF5188s-Kopie-1024x656.jpg 1024w, https:\/\/www.hfmsaar-summerschool.de\/wp-content\/uploads\/2021\/05\/KammerchorSaarbruecken_AVF5188s-Kopie-300x192.jpg 300w, https:\/\/www.hfmsaar-summerschool.de\/wp-content\/uploads\/2021\/05\/KammerchorSaarbruecken_AVF5188s-Kopie-768x492.jpg 768w, https:\/\/www.hfmsaar-summerschool.de\/wp-content\/uploads\/2021\/05\/KammerchorSaarbruecken_AVF5188s-Kopie-600x384.jpg 600w, https:\/\/www.hfmsaar-summerschool.de\/wp-content\/uploads\/2021\/05\/KammerchorSaarbruecken_AVF5188s-Kopie-1536x984.jpg 1536w, https:\/\/www.hfmsaar-summerschool.de\/wp-content\/uploads\/2021\/05\/KammerchorSaarbruecken_AVF5188s-Kopie.jpg 1737w\" sizes=\"(max-width: 1024px) 100vw, 1024px\" \/>\n\t\t\t<\/dt>\n\t\t\t\t<dd class='wp-caption-text gallery-caption' id='gallery-1-1142'>\n\t\t\t\tKammerChor Saarbr\u00fccken (Foto Alexandra Vosding \/ Mit Genehmigung durch Weltkulturerbe V\u00f6lklinger H\u00fctte)\n\t\t\t\t<\/dd><\/dl><br style=\"clear: both\" \/>\n\t\t<\/div>\n\n<h6 style=\"text-align: left;\"><em>*Pictures: Die Singphoniker and the KammerChor Saarbr\u00fccken (Photo Alexandra Vosding \/ With permission by the World Cultural Heritage Site V\u00f6lklinger H\u00fctte)<\/em><\/h6>\n<p>&nbsp;<\/p>\n<p><strong>Professional singers<\/strong><\/p>\n<table style=\"border-collapse: collapse; width: 100%;\">\n<tbody>\n<tr>\n<td style=\"width: 25%;\">\n<h4>SOPRAN<\/h4>\n<\/td>\n<td style=\"width: 25%;\">\n<h4>ALT<\/h4>\n<\/td>\n<td style=\"width: 25%;\">\n<h4>TENOR<\/h4>\n<\/td>\n<td style=\"width: 25%;\">\n<h4>BASS<\/h4>\n<\/td>\n<\/tr>\n<tr>\n<td style=\"width: 25%;\">\n<p><div id=\"attachment_1517\" style=\"width: 160px\" class=\"wp-caption alignleft\"><img decoding=\"async\" aria-describedby=\"caption-attachment-1517\" class=\"wp-image-1517 size-thumbnail\" src=\"https:\/\/www.hfmsaar-summerschool.de\/wp-content\/uploads\/2023\/05\/Franziska_Bobe_12c-150x150.jpg\" alt=\"\" width=\"150\" height=\"150\" \/><p id=\"caption-attachment-1517\" class=\"wp-caption-text\">Franziska Bobe<\/p><\/div><\/td>\n<td style=\"width: 25%;\">\n<p><div id=\"attachment_1525\" style=\"width: 160px\" class=\"wp-caption alignleft\"><img loading=\"lazy\" decoding=\"async\" aria-describedby=\"caption-attachment-1525\" class=\"wp-image-1525 size-thumbnail\" src=\"https:\/\/www.hfmsaar-summerschool.de\/wp-content\/uploads\/2023\/05\/IMG_3031-150x150.jpg\" alt=\"\" width=\"150\" height=\"150\" \/><p id=\"caption-attachment-1525\" class=\"wp-caption-text\">Anne Greiling<\/p><\/div><\/td>\n<td style=\"width: 25%;\">\n<p><div id=\"attachment_1513\" style=\"width: 160px\" class=\"wp-caption alignleft\"><img loading=\"lazy\" decoding=\"async\" aria-describedby=\"caption-attachment-1513\" class=\"wp-image-1513 size-thumbnail\" src=\"https:\/\/www.hfmsaar-summerschool.de\/wp-content\/uploads\/2023\/05\/Daniel-Schreiber-150x150.jpg\" alt=\"\" width=\"150\" height=\"150\" \/><p id=\"caption-attachment-1513\" class=\"wp-caption-text\">Daniel Schreiber<\/p><\/div><\/td>\n<td style=\"width: 25%;\">\n<p><div id=\"attachment_1523\" style=\"width: 160px\" class=\"wp-caption alignleft\"><img loading=\"lazy\" decoding=\"async\" aria-describedby=\"caption-attachment-1523\" class=\"wp-image-1523 size-thumbnail\" src=\"https:\/\/www.hfmsaar-summerschool.de\/wp-content\/uploads\/2023\/05\/Marlo-Honselmann-150x150.jpg\" alt=\"\" width=\"150\" height=\"150\" \/><p id=\"caption-attachment-1523\" class=\"wp-caption-text\">Marlo Honselmann<\/p><\/div><\/td>\n<\/tr>\n<tr>\n<td style=\"width: 25%;\">\n<p><div id=\"attachment_1527\" style=\"width: 160px\" class=\"wp-caption alignleft\"><img loading=\"lazy\" decoding=\"async\" aria-describedby=\"caption-attachment-1527\" class=\"wp-image-1527 size-thumbnail\" src=\"https:\/\/www.hfmsaar-summerschool.de\/wp-content\/uploads\/2023\/05\/L1060857-150x150.jpg\" alt=\"\" width=\"150\" height=\"150\" \/><p id=\"caption-attachment-1527\" class=\"wp-caption-text\">Helene Grabitzky<\/p><\/div><\/td>\n<td style=\"width: 25%;\">\n<p><div id=\"attachment_1521\" style=\"width: 160px\" class=\"wp-caption alignleft\"><img loading=\"lazy\" decoding=\"async\" aria-describedby=\"caption-attachment-1521\" class=\"wp-image-1521 size-thumbnail\" src=\"https:\/\/www.hfmsaar-summerschool.de\/wp-content\/uploads\/2023\/05\/Johannes-Euler-150x150.jpg\" alt=\"\" width=\"150\" height=\"150\" \/><p id=\"caption-attachment-1521\" class=\"wp-caption-text\">Johannes Euler<\/p><\/div><\/td>\n<td style=\"width: 25%;\">\n<p><div id=\"attachment_1519\" style=\"width: 160px\" class=\"wp-caption alignleft\"><img loading=\"lazy\" decoding=\"async\" aria-describedby=\"caption-attachment-1519\" class=\"wp-image-1519 size-thumbnail\" src=\"https:\/\/www.hfmsaar-summerschool.de\/wp-content\/uploads\/2023\/05\/Henning-Jensen-150x150.jpg\" alt=\"\" width=\"150\" height=\"150\" \/><p id=\"caption-attachment-1519\" class=\"wp-caption-text\">Henning Jensen<\/p><\/div><\/td>\n<td style=\"width: 25%;\">\n<p><div id=\"attachment_1515\" style=\"width: 160px\" class=\"wp-caption alignleft\"><img loading=\"lazy\" decoding=\"async\" aria-describedby=\"caption-attachment-1515\" class=\"wp-image-1515 size-thumbnail\" src=\"https:\/\/www.hfmsaar-summerschool.de\/wp-content\/uploads\/2023\/05\/Florian-Drexel-150x150.jpg\" alt=\"\" width=\"150\" height=\"150\" \/><p id=\"caption-attachment-1515\" class=\"wp-caption-text\">Florian Drexel<\/p><\/div><\/td>\n<\/tr>\n<\/tbody>\n<\/table>\n<p>&nbsp;<\/p>\n<p><strong>R\u00e9p\u00e9titeur \/ Pianist<\/strong><\/p>\n<div id=\"attachment_1511\" style=\"width: 160px\" class=\"wp-caption alignleft\"><img loading=\"lazy\" decoding=\"async\" aria-describedby=\"caption-attachment-1511\" class=\"wp-image-1511 size-thumbnail\" src=\"https:\/\/www.hfmsaar-summerschool.de\/wp-content\/uploads\/2023\/05\/Berno-Scharpf-150x150.jpg\" alt=\"\" width=\"150\" height=\"150\" \/><p id=\"caption-attachment-1511\" class=\"wp-caption-text\">Berno Scharpf<\/p><\/div>\n<p>&nbsp;<\/p>\n\n\t\t<style type=\"text\/css\">\n\t\t\t#gallery-2 {\n\t\t\t\tmargin: auto;\n\t\t\t}\n\t\t\t#gallery-2 .gallery-item {\n\t\t\t\tfloat: left;\n\t\t\t\tmargin-top: 10px;\n\t\t\t\ttext-align: center;\n\t\t\t\twidth: 100%;\n\t\t\t}\n\t\t\t#gallery-2 img {\n\t\t\t\tborder: 2px solid #cfcfcf;\n\t\t\t}\n\t\t\t#gallery-2 .gallery-caption {\n\t\t\t\tmargin-left: 0;\n\t\t\t}\n\t\t\t\/* see gallery_shortcode() in wp-includes\/media.php *\/\n\t\t<\/style>\n\t\t<div id='gallery-2' class='gallery galleryid-368 gallery-columns-1 gallery-size-slider-img-content'><dl class='gallery-item'>\n\t\t\t<dt class='gallery-icon landscape'>\n\t\t\t\t<img loading=\"lazy\" decoding=\"async\" width=\"768\" height=\"514\" src=\"https:\/\/www.hfmsaar-summerschool.de\/wp-content\/uploads\/2021\/05\/Chor3-768x514.jpg\" class=\"attachment-slider-img-content size-slider-img-content\" alt=\"\" srcset=\"https:\/\/www.hfmsaar-summerschool.de\/wp-content\/uploads\/2021\/05\/Chor3-768x514.jpg 768w, https:\/\/www.hfmsaar-summerschool.de\/wp-content\/uploads\/2021\/05\/Chor3-300x200.jpg 300w\" sizes=\"(max-width: 768px) 100vw, 768px\" \/>\n\t\t\t<\/dt><\/dl><br style=\"clear: both\" \/><dl class='gallery-item'>\n\t\t\t<dt class='gallery-icon landscape'>\n\t\t\t\t<img loading=\"lazy\" decoding=\"async\" width=\"768\" height=\"514\" src=\"https:\/\/www.hfmsaar-summerschool.de\/wp-content\/uploads\/2021\/05\/Chorprobe-768x514.jpg\" class=\"attachment-slider-img-content size-slider-img-content\" alt=\"\" srcset=\"https:\/\/www.hfmsaar-summerschool.de\/wp-content\/uploads\/2021\/05\/Chorprobe-768x514.jpg 768w, https:\/\/www.hfmsaar-summerschool.de\/wp-content\/uploads\/2021\/05\/Chorprobe-300x200.jpg 300w\" sizes=\"(max-width: 768px) 100vw, 768px\" \/>\n\t\t\t<\/dt><\/dl><br style=\"clear: both\" \/><dl class='gallery-item'>\n\t\t\t<dt class='gallery-icon landscape'>\n\t\t\t\t<img loading=\"lazy\" decoding=\"async\" width=\"768\" height=\"514\" src=\"https:\/\/www.hfmsaar-summerschool.de\/wp-content\/uploads\/2021\/05\/Dirigierunterricht-768x514.jpg\" class=\"attachment-slider-img-content size-slider-img-content\" alt=\"\" srcset=\"https:\/\/www.hfmsaar-summerschool.de\/wp-content\/uploads\/2021\/05\/Dirigierunterricht-768x514.jpg 768w, https:\/\/www.hfmsaar-summerschool.de\/wp-content\/uploads\/2021\/05\/Dirigierunterricht-300x200.jpg 300w\" sizes=\"(max-width: 768px) 100vw, 768px\" \/>\n\t\t\t<\/dt><\/dl><br style=\"clear: both\" \/><dl class='gallery-item'>\n\t\t\t<dt class='gallery-icon landscape'>\n\t\t\t\t<img loading=\"lazy\" decoding=\"async\" width=\"768\" height=\"514\" src=\"https:\/\/www.hfmsaar-summerschool.de\/wp-content\/uploads\/2021\/05\/Web-Coaching4-768x514.jpg\" class=\"attachment-slider-img-content size-slider-img-content\" alt=\"\" srcset=\"https:\/\/www.hfmsaar-summerschool.de\/wp-content\/uploads\/2021\/05\/Web-Coaching4-768x514.jpg 768w, https:\/\/www.hfmsaar-summerschool.de\/wp-content\/uploads\/2021\/05\/Web-Coaching4-300x200.jpg 300w\" sizes=\"(max-width: 768px) 100vw, 768px\" \/>\n\t\t\t<\/dt><\/dl><br style=\"clear: both\" \/><dl class='gallery-item'>\n\t\t\t<dt class='gallery-icon landscape'>\n\t\t\t\t<img loading=\"lazy\" decoding=\"async\" width=\"768\" height=\"514\" src=\"https:\/\/www.hfmsaar-summerschool.de\/wp-content\/uploads\/2016\/12\/galerie_chorakademie_5-768x514.jpg\" class=\"attachment-slider-img-content size-slider-img-content\" alt=\"\" srcset=\"https:\/\/www.hfmsaar-summerschool.de\/wp-content\/uploads\/2016\/12\/galerie_chorakademie_5-768x514.jpg 768w, https:\/\/www.hfmsaar-summerschool.de\/wp-content\/uploads\/2016\/12\/galerie_chorakademie_5-300x200.jpg 300w\" sizes=\"(max-width: 768px) 100vw, 768px\" \/>\n\t\t\t<\/dt><\/dl><br style=\"clear: both\" \/><dl class='gallery-item'>\n\t\t\t<dt class='gallery-icon portrait'>\n\t\t\t\t<img loading=\"lazy\" decoding=\"async\" width=\"768\" height=\"514\" src=\"https:\/\/www.hfmsaar-summerschool.de\/wp-content\/uploads\/2016\/12\/galerie_dirigentenakademie_5-768x514.jpg\" class=\"attachment-slider-img-content size-slider-img-content\" alt=\"\" \/>\n\t\t\t<\/dt><\/dl><br style=\"clear: both\" \/>\n\t\t<\/div>\n\n<h2>Target group<\/h2>\n<hr \/>\n<p>The Conducting Academy is aimed at students in choral conducting as well as church musicians and young up-and-coming conductors who are interested in continuing education in choral conducting.<\/p>\n<p>&nbsp;<\/p>\n<h2><a id=\"LIST\"><\/a>The active participants<\/h2>\n<hr \/>\n<p><em>will be communicated after the audition on 27th August 2023<\/em><\/p>\n<p>&nbsp;<\/p>\n<p>&nbsp;<\/p>\n<h2>Contact information<\/h2>\n<hr \/>\n<p>If you have any questions, please contact<\/p>\n<p>Mauro Barbierato<br \/>\n<a href=\"mailto:m.barbierato@hmf.saarland.de\">m.barbierato@hmf.saarland.de<\/a><\/p>\n","protected":false},"excerpt":{"rendered":"<p>&nbsp; Program and work schedule of the week Program Conducting Academy Arnold Sch\u00f6nberg, Friede auf Erden op.13 Georg Schumann, Drei geistliche Ges\u00e4nge op. 31 Heinrich Kaminski, \u00a0O wirre Welt \u2013 Kyrie aus \u201eDie Messe deutsch f\u00fcr 5-stimmigen gemischten Chor\u201c Johannes Brahms, Vier Quartette op. 92 Yiannis Konstantinidis, from 8 Songs from Asia Minor: Nr.1, 6, [&hellip;]<\/p>\n","protected":false},"author":1,"featured_media":0,"parent":0,"menu_order":0,"comment_status":"closed","ping_status":"closed","template":"","meta":{"_acf_changed":false,"footnotes":""},"acf":[],"yoast_head":"<!-- This site is optimized with the Yoast SEO plugin v23.1 - https:\/\/yoast.com\/wordpress\/plugins\/seo\/ -->\n<title>Conducting Academy - HFM SAAR | Hochschule f\u00fcr Musik Saar<\/title>\n<meta name=\"robots\" content=\"index, follow, max-snippet:-1, max-image-preview:large, max-video-preview:-1\" \/>\n<link rel=\"canonical\" href=\"https:\/\/www.hfmsaar-summerschool.de\/en\/conductors-academy\/\" \/>\n<meta property=\"og:locale\" content=\"en_US\" \/>\n<meta property=\"og:type\" content=\"article\" \/>\n<meta property=\"og:title\" content=\"Conducting Academy - HFM SAAR | Hochschule f\u00fcr Musik Saar\" \/>\n<meta property=\"og:description\" content=\"&nbsp; Program and work schedule of the week Program Conducting Academy Arnold Sch\u00f6nberg, Friede auf Erden op.13 Georg Schumann, Drei geistliche Ges\u00e4nge op. 31 Heinrich Kaminski, \u00a0O wirre Welt \u2013 Kyrie aus \u201eDie Messe deutsch f\u00fcr 5-stimmigen gemischten Chor\u201c Johannes Brahms, Vier Quartette op. 92 Yiannis Konstantinidis, from 8 Songs from Asia Minor: Nr.1, 6, [&hellip;]\" \/>\n<meta property=\"og:url\" content=\"https:\/\/www.hfmsaar-summerschool.de\/en\/conductors-academy\/\" \/>\n<meta property=\"og:site_name\" content=\"HFM SAAR | Hochschule f\u00fcr Musik Saar\" \/>\n<meta property=\"article:modified_time\" content=\"2023-08-29T05:15:03+00:00\" \/>\n<meta property=\"og:image\" content=\"https:\/\/www.hfmsaar-summerschool.de\/wp-content\/uploads\/2023\/04\/20221003_diesingphoniker014-Bearbeitet-1024x448.jpg\" \/>\n<meta name=\"twitter:card\" content=\"summary_large_image\" \/>\n<meta name=\"twitter:label1\" content=\"Est. reading time\" \/>\n\t<meta name=\"twitter:data1\" content=\"5 minutes\" \/>\n<script type=\"application\/ld+json\" class=\"yoast-schema-graph\">{\"@context\":\"https:\/\/schema.org\",\"@graph\":[{\"@type\":\"WebPage\",\"@id\":\"https:\/\/www.hfmsaar-summerschool.de\/en\/conductors-academy\/\",\"url\":\"https:\/\/www.hfmsaar-summerschool.de\/en\/conductors-academy\/\",\"name\":\"Conducting Academy - HFM SAAR | Hochschule f\u00fcr Musik Saar\",\"isPartOf\":{\"@id\":\"https:\/\/www.hfmsaar-summerschool.de\/#website\"},\"primaryImageOfPage\":{\"@id\":\"https:\/\/www.hfmsaar-summerschool.de\/en\/conductors-academy\/#primaryimage\"},\"image\":{\"@id\":\"https:\/\/www.hfmsaar-summerschool.de\/en\/conductors-academy\/#primaryimage\"},\"thumbnailUrl\":\"https:\/\/www.hfmsaar-summerschool.de\/wp-content\/uploads\/2023\/05\/Franziska_Bobe_12c-150x150.jpg\",\"datePublished\":\"2016-12-19T14:31:41+00:00\",\"dateModified\":\"2023-08-29T05:15:03+00:00\",\"breadcrumb\":{\"@id\":\"https:\/\/www.hfmsaar-summerschool.de\/en\/conductors-academy\/#breadcrumb\"},\"inLanguage\":\"en\",\"potentialAction\":[{\"@type\":\"ReadAction\",\"target\":[\"https:\/\/www.hfmsaar-summerschool.de\/en\/conductors-academy\/\"]}]},{\"@type\":\"ImageObject\",\"inLanguage\":\"en\",\"@id\":\"https:\/\/www.hfmsaar-summerschool.de\/en\/conductors-academy\/#primaryimage\",\"url\":\"https:\/\/www.hfmsaar-summerschool.de\/wp-content\/uploads\/2023\/05\/Franziska_Bobe_12c-150x150.jpg\",\"contentUrl\":\"https:\/\/www.hfmsaar-summerschool.de\/wp-content\/uploads\/2023\/05\/Franziska_Bobe_12c-150x150.jpg\"},{\"@type\":\"BreadcrumbList\",\"@id\":\"https:\/\/www.hfmsaar-summerschool.de\/en\/conductors-academy\/#breadcrumb\",\"itemListElement\":[{\"@type\":\"ListItem\",\"position\":1,\"name\":\"Startseite\",\"item\":\"https:\/\/www.hfmsaar-summerschool.de\/\"},{\"@type\":\"ListItem\",\"position\":2,\"name\":\"Conducting Academy\"}]},{\"@type\":\"WebSite\",\"@id\":\"https:\/\/www.hfmsaar-summerschool.de\/#website\",\"url\":\"https:\/\/www.hfmsaar-summerschool.de\/\",\"name\":\"HFM SAAR | Hochschule f\u00fcr Musik Saar\",\"description\":\"\",\"potentialAction\":[{\"@type\":\"SearchAction\",\"target\":{\"@type\":\"EntryPoint\",\"urlTemplate\":\"https:\/\/www.hfmsaar-summerschool.de\/?s={search_term_string}\"},\"query-input\":\"required name=search_term_string\"}],\"inLanguage\":\"en\"}]}<\/script>\n<!-- \/ Yoast SEO plugin. -->","yoast_head_json":{"title":"Conducting Academy - HFM SAAR | Hochschule f\u00fcr Musik Saar","robots":{"index":"index","follow":"follow","max-snippet":"max-snippet:-1","max-image-preview":"max-image-preview:large","max-video-preview":"max-video-preview:-1"},"canonical":"https:\/\/www.hfmsaar-summerschool.de\/en\/conductors-academy\/","og_locale":"en_US","og_type":"article","og_title":"Conducting Academy - HFM SAAR | Hochschule f\u00fcr Musik Saar","og_description":"&nbsp; Program and work schedule of the week Program Conducting Academy Arnold Sch\u00f6nberg, Friede auf Erden op.13 Georg Schumann, Drei geistliche Ges\u00e4nge op. 31 Heinrich Kaminski, \u00a0O wirre Welt \u2013 Kyrie aus \u201eDie Messe deutsch f\u00fcr 5-stimmigen gemischten Chor\u201c Johannes Brahms, Vier Quartette op. 92 Yiannis Konstantinidis, from 8 Songs from Asia Minor: Nr.1, 6, [&hellip;]","og_url":"https:\/\/www.hfmsaar-summerschool.de\/en\/conductors-academy\/","og_site_name":"HFM SAAR | Hochschule f\u00fcr Musik Saar","article_modified_time":"2023-08-29T05:15:03+00:00","og_image":[{"url":"https:\/\/www.hfmsaar-summerschool.de\/wp-content\/uploads\/2023\/04\/20221003_diesingphoniker014-Bearbeitet-1024x448.jpg"}],"twitter_card":"summary_large_image","twitter_misc":{"Est. reading time":"5 minutes"},"schema":{"@context":"https:\/\/schema.org","@graph":[{"@type":"WebPage","@id":"https:\/\/www.hfmsaar-summerschool.de\/en\/conductors-academy\/","url":"https:\/\/www.hfmsaar-summerschool.de\/en\/conductors-academy\/","name":"Conducting Academy - HFM SAAR | Hochschule f\u00fcr Musik Saar","isPartOf":{"@id":"https:\/\/www.hfmsaar-summerschool.de\/#website"},"primaryImageOfPage":{"@id":"https:\/\/www.hfmsaar-summerschool.de\/en\/conductors-academy\/#primaryimage"},"image":{"@id":"https:\/\/www.hfmsaar-summerschool.de\/en\/conductors-academy\/#primaryimage"},"thumbnailUrl":"https:\/\/www.hfmsaar-summerschool.de\/wp-content\/uploads\/2023\/05\/Franziska_Bobe_12c-150x150.jpg","datePublished":"2016-12-19T14:31:41+00:00","dateModified":"2023-08-29T05:15:03+00:00","breadcrumb":{"@id":"https:\/\/www.hfmsaar-summerschool.de\/en\/conductors-academy\/#breadcrumb"},"inLanguage":"en","potentialAction":[{"@type":"ReadAction","target":["https:\/\/www.hfmsaar-summerschool.de\/en\/conductors-academy\/"]}]},{"@type":"ImageObject","inLanguage":"en","@id":"https:\/\/www.hfmsaar-summerschool.de\/en\/conductors-academy\/#primaryimage","url":"https:\/\/www.hfmsaar-summerschool.de\/wp-content\/uploads\/2023\/05\/Franziska_Bobe_12c-150x150.jpg","contentUrl":"https:\/\/www.hfmsaar-summerschool.de\/wp-content\/uploads\/2023\/05\/Franziska_Bobe_12c-150x150.jpg"},{"@type":"BreadcrumbList","@id":"https:\/\/www.hfmsaar-summerschool.de\/en\/conductors-academy\/#breadcrumb","itemListElement":[{"@type":"ListItem","position":1,"name":"Startseite","item":"https:\/\/www.hfmsaar-summerschool.de\/"},{"@type":"ListItem","position":2,"name":"Conducting Academy"}]},{"@type":"WebSite","@id":"https:\/\/www.hfmsaar-summerschool.de\/#website","url":"https:\/\/www.hfmsaar-summerschool.de\/","name":"HFM SAAR | Hochschule f\u00fcr Musik Saar","description":"","potentialAction":[{"@type":"SearchAction","target":{"@type":"EntryPoint","urlTemplate":"https:\/\/www.hfmsaar-summerschool.de\/?s={search_term_string}"},"query-input":"required name=search_term_string"}],"inLanguage":"en"}]}},"jetpack_sharing_enabled":true,"_links":{"self":[{"href":"https:\/\/www.hfmsaar-summerschool.de\/en\/wp-json\/wp\/v2\/pages\/368"}],"collection":[{"href":"https:\/\/www.hfmsaar-summerschool.de\/en\/wp-json\/wp\/v2\/pages"}],"about":[{"href":"https:\/\/www.hfmsaar-summerschool.de\/en\/wp-json\/wp\/v2\/types\/page"}],"author":[{"embeddable":true,"href":"https:\/\/www.hfmsaar-summerschool.de\/en\/wp-json\/wp\/v2\/users\/1"}],"replies":[{"embeddable":true,"href":"https:\/\/www.hfmsaar-summerschool.de\/en\/wp-json\/wp\/v2\/comments?post=368"}],"version-history":[{"count":76,"href":"https:\/\/www.hfmsaar-summerschool.de\/en\/wp-json\/wp\/v2\/pages\/368\/revisions"}],"predecessor-version":[{"id":1608,"href":"https:\/\/www.hfmsaar-summerschool.de\/en\/wp-json\/wp\/v2\/pages\/368\/revisions\/1608"}],"wp:attachment":[{"href":"https:\/\/www.hfmsaar-summerschool.de\/en\/wp-json\/wp\/v2\/media?parent=368"}],"curies":[{"name":"wp","href":"https:\/\/api.w.org\/{rel}","templated":true}]}}