{"id":458,"date":"2016-05-24T17:14:02","date_gmt":"2016-05-24T15:14:02","guid":{"rendered":"http:\/\/www.hfmsaar-summerschool.de\/impressum\/"},"modified":"2017-02-22T15:36:20","modified_gmt":"2017-02-22T14:36:20","slug":"imprint","status":"publish","type":"page","link":"https:\/\/www.hfmsaar-summerschool.de\/en\/imprint\/","title":{"rendered":"Imprint"},"content":{"rendered":"<p>Publisher:<\/p>\n<p>The website of the HFM Summerschool is published by:<\/p>\n<p>Rektorat der Hochschule f\u00fcr Musik Saar<br \/>\nBismarckstra\u00dfe 1<br \/>\n66111 Saarbr\u00fccken<br \/>\nTel. (0681) 96731-14<br \/>\n<a href=\"mailto:rektor@hfm.saarland.de\" target=\"_blank\">rektor(at)hfm.saarland.de<\/a><\/p>\n<p>V.i.S.d.P.: Prof. Wolfgang Mayer, Rektor<br \/>\nRedaktion: Thomas Wolter, HFM-Pressestelle<br \/>\n<a href=\"mailto:presse@hfm.saarland.de\" target=\"_blank\">presse(at)hfm.saarland.de<\/a><\/p>\n<p>\u00a9 Texts and photos: Saar University of Music<\/p>\n<p>All rights reserved.<\/p>\n","protected":false},"excerpt":{"rendered":"<p>Publisher: The website of the HFM Summerschool is published by: Rektorat der Hochschule f\u00fcr Musik Saar Bismarckstra\u00dfe 1 66111 Saarbr\u00fccken Tel. (0681) 96731-14 rektor(at)hfm.saarland.de V.i.S.d.P.: Prof. Wolfgang Mayer, Rektor Redaktion: Thomas Wolter, HFM-Pressestelle presse(at)hfm.saarland.de \u00a9 Texts and photos: Saar University of Music All rights reserved.<\/p>\n","protected":false},"author":1,"featured_media":0,"parent":0,"menu_order":102,"comment_status":"closed","ping_status":"closed","template":"","meta":{"_acf_changed":false,"footnotes":""},"acf":[],"yoast_head":"<!-- This site is optimized with the Yoast SEO plugin v23.1 - https:\/\/yoast.com\/wordpress\/plugins\/seo\/ -->\n<title>Imprint - HFM SAAR | Hochschule f\u00fcr Musik Saar<\/title>\n<meta name=\"robots\" content=\"index, follow, max-snippet:-1, max-image-preview:large, max-video-preview:-1\" \/>\n<link rel=\"canonical\" href=\"https:\/\/www.hfmsaar-summerschool.de\/en\/imprint\/\" \/>\n<meta property=\"og:locale\" content=\"en_US\" \/>\n<meta property=\"og:type\" content=\"article\" \/>\n<meta property=\"og:title\" content=\"Imprint - HFM SAAR | Hochschule f\u00fcr Musik Saar\" \/>\n<meta property=\"og:description\" content=\"Publisher: The website of the HFM Summerschool is published by: Rektorat der Hochschule f\u00fcr Musik Saar Bismarckstra\u00dfe 1 66111 Saarbr\u00fccken Tel. (0681) 96731-14 rektor(at)hfm.saarland.de V.i.S.d.P.: Prof. Wolfgang Mayer, Rektor Redaktion: Thomas Wolter, HFM-Pressestelle presse(at)hfm.saarland.de \u00a9 Texts and photos: Saar University of Music All rights reserved.\" \/>\n<meta property=\"og:url\" content=\"https:\/\/www.hfmsaar-summerschool.de\/en\/imprint\/\" \/>\n<meta property=\"og:site_name\" content=\"HFM SAAR | Hochschule f\u00fcr Musik Saar\" \/>\n<meta property=\"article:modified_time\" content=\"2017-02-22T14:36:20+00:00\" \/>\n<meta name=\"twitter:card\" content=\"summary_large_image\" \/>\n<script type=\"application\/ld+json\" class=\"yoast-schema-graph\">{\"@context\":\"https:\/\/schema.org\",\"@graph\":[{\"@type\":\"WebPage\",\"@id\":\"https:\/\/www.hfmsaar-summerschool.de\/en\/imprint\/\",\"url\":\"https:\/\/www.hfmsaar-summerschool.de\/en\/imprint\/\",\"name\":\"Imprint - HFM SAAR | Hochschule f\u00fcr Musik Saar\",\"isPartOf\":{\"@id\":\"https:\/\/www.hfmsaar-summerschool.de\/#website\"},\"datePublished\":\"2016-05-24T15:14:02+00:00\",\"dateModified\":\"2017-02-22T14:36:20+00:00\",\"breadcrumb\":{\"@id\":\"https:\/\/www.hfmsaar-summerschool.de\/en\/imprint\/#breadcrumb\"},\"inLanguage\":\"en\",\"potentialAction\":[{\"@type\":\"ReadAction\",\"target\":[\"https:\/\/www.hfmsaar-summerschool.de\/en\/imprint\/\"]}]},{\"@type\":\"BreadcrumbList\",\"@id\":\"https:\/\/www.hfmsaar-summerschool.de\/en\/imprint\/#breadcrumb\",\"itemListElement\":[{\"@type\":\"ListItem\",\"position\":1,\"name\":\"Startseite\",\"item\":\"https:\/\/www.hfmsaar-summerschool.de\/\"},{\"@type\":\"ListItem\",\"position\":2,\"name\":\"Imprint\"}]},{\"@type\":\"WebSite\",\"@id\":\"https:\/\/www.hfmsaar-summerschool.de\/#website\",\"url\":\"https:\/\/www.hfmsaar-summerschool.de\/\",\"name\":\"HFM SAAR | Hochschule f\u00fcr Musik Saar\",\"description\":\"\",\"potentialAction\":[{\"@type\":\"SearchAction\",\"target\":{\"@type\":\"EntryPoint\",\"urlTemplate\":\"https:\/\/www.hfmsaar-summerschool.de\/?s={search_term_string}\"},\"query-input\":\"required name=search_term_string\"}],\"inLanguage\":\"en\"}]}<\/script>\n<!-- \/ Yoast SEO plugin. -->","yoast_head_json":{"title":"Imprint - HFM SAAR | Hochschule f\u00fcr Musik Saar","robots":{"index":"index","follow":"follow","max-snippet":"max-snippet:-1","max-image-preview":"max-image-preview:large","max-video-preview":"max-video-preview:-1"},"canonical":"https:\/\/www.hfmsaar-summerschool.de\/en\/imprint\/","og_locale":"en_US","og_type":"article","og_title":"Imprint - HFM SAAR | Hochschule f\u00fcr Musik Saar","og_description":"Publisher: The website of the HFM Summerschool is published by: Rektorat der Hochschule f\u00fcr Musik Saar Bismarckstra\u00dfe 1 66111 Saarbr\u00fccken Tel. (0681) 96731-14 rektor(at)hfm.saarland.de V.i.S.d.P.: Prof. Wolfgang Mayer, Rektor Redaktion: Thomas Wolter, HFM-Pressestelle presse(at)hfm.saarland.de \u00a9 Texts and photos: Saar University of Music All rights reserved.","og_url":"https:\/\/www.hfmsaar-summerschool.de\/en\/imprint\/","og_site_name":"HFM SAAR | Hochschule f\u00fcr Musik Saar","article_modified_time":"2017-02-22T14:36:20+00:00","twitter_card":"summary_large_image","schema":{"@context":"https:\/\/schema.org","@graph":[{"@type":"WebPage","@id":"https:\/\/www.hfmsaar-summerschool.de\/en\/imprint\/","url":"https:\/\/www.hfmsaar-summerschool.de\/en\/imprint\/","name":"Imprint - HFM SAAR | Hochschule f\u00fcr Musik Saar","isPartOf":{"@id":"https:\/\/www.hfmsaar-summerschool.de\/#website"},"datePublished":"2016-05-24T15:14:02+00:00","dateModified":"2017-02-22T14:36:20+00:00","breadcrumb":{"@id":"https:\/\/www.hfmsaar-summerschool.de\/en\/imprint\/#breadcrumb"},"inLanguage":"en","potentialAction":[{"@type":"ReadAction","target":["https:\/\/www.hfmsaar-summerschool.de\/en\/imprint\/"]}]},{"@type":"BreadcrumbList","@id":"https:\/\/www.hfmsaar-summerschool.de\/en\/imprint\/#breadcrumb","itemListElement":[{"@type":"ListItem","position":1,"name":"Startseite","item":"https:\/\/www.hfmsaar-summerschool.de\/"},{"@type":"ListItem","position":2,"name":"Imprint"}]},{"@type":"WebSite","@id":"https:\/\/www.hfmsaar-summerschool.de\/#website","url":"https:\/\/www.hfmsaar-summerschool.de\/","name":"HFM SAAR | Hochschule f\u00fcr Musik Saar","description":"","potentialAction":[{"@type":"SearchAction","target":{"@type":"EntryPoint","urlTemplate":"https:\/\/www.hfmsaar-summerschool.de\/?s={search_term_string}"},"query-input":"required name=search_term_string"}],"inLanguage":"en"}]}},"jetpack_sharing_enabled":true,"_links":{"self":[{"href":"https:\/\/www.hfmsaar-summerschool.de\/en\/wp-json\/wp\/v2\/pages\/458"}],"collection":[{"href":"https:\/\/www.hfmsaar-summerschool.de\/en\/wp-json\/wp\/v2\/pages"}],"about":[{"href":"https:\/\/www.hfmsaar-summerschool.de\/en\/wp-json\/wp\/v2\/types\/page"}],"author":[{"embeddable":true,"href":"https:\/\/www.hfmsaar-summerschool.de\/en\/wp-json\/wp\/v2\/users\/1"}],"replies":[{"embeddable":true,"href":"https:\/\/www.hfmsaar-summerschool.de\/en\/wp-json\/wp\/v2\/comments?post=458"}],"version-history":[{"count":5,"href":"https:\/\/www.hfmsaar-summerschool.de\/en\/wp-json\/wp\/v2\/pages\/458\/revisions"}],"predecessor-version":[{"id":487,"href":"https:\/\/www.hfmsaar-summerschool.de\/en\/wp-json\/wp\/v2\/pages\/458\/revisions\/487"}],"wp:attachment":[{"href":"https:\/\/www.hfmsaar-summerschool.de\/en\/wp-json\/wp\/v2\/media?parent=458"}],"curies":[{"name":"wp","href":"https:\/\/api.w.org\/{rel}","templated":true}]}}